{"id":1935,"date":"2022-11-21T16:03:19","date_gmt":"2022-11-21T15:03:19","guid":{"rendered":"https:\/\/lahuichola.com\/?post_type=product&#038;p=1935"},"modified":"2022-11-21T16:05:21","modified_gmt":"2022-11-21T15:05:21","slug":"carton-de-24-bouteilles","status":"publish","type":"product","link":"https:\/\/lahuichola.com\/?product=carton-de-24-bouteilles","title":{"rendered":"Carton de 24 bouteilles"},"content":{"rendered":"<p>Cette formule contiene un carton de 24 bouteilles de bi\u00e8re artisanale La huichola.<\/p>\n","protected":false},"excerpt":{"rendered":"<p>Un ap\u00e9ro diff\u00e9rent d\u00e9paysant avec la seule bi\u00e8re au march\u00e9 avec de VRAI alcool distill\u00e2t \u00e0 l\u2019int\u00e9rieur d\u2019une double IPA artisanale, plus des sauces pour agr\u00e9menter vos plats et grignoter \u00e0 la mexicaine.<\/p>\n","protected":false},"featured_media":1478,"template":"","meta":[],"product_brand":[],"product_cat":[15],"product_tag":[],"class_list":{"0":"post-1935","1":"product","2":"type-product","3":"status-publish","4":"has-post-thumbnail","6":"product_cat-uncategorized","8":"first","9":"instock","10":"taxable","11":"shipping-taxable","12":"purchasable","13":"product-type-simple"},"yoast_head":"<!-- This site is optimized with the Yoast SEO plugin v27.6 - https:\/\/yoast.com\/product\/yoast-seo-wordpress\/ -->\n<title>Carton de 24 bouteilles - La Huichola<\/title>\n<meta name=\"description\" content=\"Formule pour faire l\u2019ap\u00e9ro entre amis, pour 12 personnes. Elle contient un carton de 24 bouteilles de bi\u00e8re artisanale.\" \/>\n<meta name=\"robots\" content=\"index, follow, max-snippet:-1, max-image-preview:large, max-video-preview:-1\" \/>\n<link rel=\"canonical\" href=\"https:\/\/lahuichola.com\/product\/carton-de-24-bouteilles\/\" \/>\n<meta property=\"og:locale\" content=\"en_US\" \/>\n<meta property=\"og:type\" content=\"article\" \/>\n<meta property=\"og:title\" content=\"Carton de 24 bouteilles - La Huichola\" \/>\n<meta property=\"og:description\" content=\"Formule pour faire l\u2019ap\u00e9ro entre amis, pour 12 personnes. Elle contient un carton de 24 bouteilles de bi\u00e8re artisanale.\" \/>\n<meta property=\"og:url\" content=\"https:\/\/lahuichola.com\/product\/carton-de-24-bouteilles\/\" \/>\n<meta property=\"og:site_name\" content=\"La Huichola\" \/>\n<meta property=\"article:modified_time\" content=\"2022-11-21T15:05:21+00:00\" \/>\n<meta property=\"og:image\" content=\"https:\/\/lahuichola.com\/wp-content\/uploads\/2022\/03\/745E12E6-33B1-4028-9104-21B4006B9A58-scaled.jpeg\" \/>\n\t<meta property=\"og:image:width\" content=\"1920\" \/>\n\t<meta property=\"og:image:height\" content=\"2560\" \/>\n\t<meta property=\"og:image:type\" content=\"image\/jpeg\" \/>\n<meta name=\"twitter:card\" content=\"summary_large_image\" \/>\n<meta name=\"twitter:label1\" content=\"Est. reading time\" \/>\n\t<meta name=\"twitter:data1\" content=\"1 minute\" \/>\n<script type=\"application\/ld+json\" class=\"yoast-schema-graph\">{\"@context\":\"https:\\\/\\\/schema.org\",\"@graph\":[{\"@type\":\"WebPage\",\"@id\":\"https:\\\/\\\/lahuichola.com\\\/product\\\/carton-de-24-bouteilles\\\/\",\"url\":\"https:\\\/\\\/lahuichola.com\\\/product\\\/carton-de-24-bouteilles\\\/\",\"name\":\"Carton de 24 bouteilles - La Huichola\",\"isPartOf\":{\"@id\":\"https:\\\/\\\/lahuichola.com\\\/es\\\/#website\"},\"primaryImageOfPage\":{\"@id\":\"https:\\\/\\\/lahuichola.com\\\/product\\\/carton-de-24-bouteilles\\\/#primaryimage\"},\"image\":{\"@id\":\"https:\\\/\\\/lahuichola.com\\\/product\\\/carton-de-24-bouteilles\\\/#primaryimage\"},\"thumbnailUrl\":\"https:\\\/\\\/lahuichola.com\\\/wp-content\\\/uploads\\\/2022\\\/03\\\/745E12E6-33B1-4028-9104-21B4006B9A58-scaled.jpeg\",\"datePublished\":\"2022-11-21T15:03:19+00:00\",\"dateModified\":\"2022-11-21T15:05:21+00:00\",\"description\":\"Formule pour faire l\u2019ap\u00e9ro entre amis, pour 12 personnes. Elle contient un carton de 24 bouteilles de bi\u00e8re artisanale.\",\"breadcrumb\":{\"@id\":\"https:\\\/\\\/lahuichola.com\\\/product\\\/carton-de-24-bouteilles\\\/#breadcrumb\"},\"inLanguage\":\"en-US\",\"potentialAction\":[{\"@type\":\"ReadAction\",\"target\":[\"https:\\\/\\\/lahuichola.com\\\/product\\\/carton-de-24-bouteilles\\\/\"]}]},{\"@type\":\"ImageObject\",\"inLanguage\":\"en-US\",\"@id\":\"https:\\\/\\\/lahuichola.com\\\/product\\\/carton-de-24-bouteilles\\\/#primaryimage\",\"url\":\"https:\\\/\\\/lahuichola.com\\\/wp-content\\\/uploads\\\/2022\\\/03\\\/745E12E6-33B1-4028-9104-21B4006B9A58-scaled.jpeg\",\"contentUrl\":\"https:\\\/\\\/lahuichola.com\\\/wp-content\\\/uploads\\\/2022\\\/03\\\/745E12E6-33B1-4028-9104-21B4006B9A58-scaled.jpeg\",\"width\":1920,\"height\":2560},{\"@type\":\"BreadcrumbList\",\"@id\":\"https:\\\/\\\/lahuichola.com\\\/product\\\/carton-de-24-bouteilles\\\/#breadcrumb\",\"itemListElement\":[{\"@type\":\"ListItem\",\"position\":1,\"name\":\"Accueil\",\"item\":\"https:\\\/\\\/lahuichola.com\\\/\"},{\"@type\":\"ListItem\",\"position\":2,\"name\":\"La Bi\u00e8re\",\"item\":\"https:\\\/\\\/lahuichola.com\\\/?page_id=5\"},{\"@type\":\"ListItem\",\"position\":3,\"name\":\"Carton de 24 bouteilles\"}]},{\"@type\":\"WebSite\",\"@id\":\"https:\\\/\\\/lahuichola.com\\\/es\\\/#website\",\"url\":\"https:\\\/\\\/lahuichola.com\\\/es\\\/\",\"name\":\"La Huichola\",\"description\":\"Le plaisir du typique!\",\"publisher\":{\"@id\":\"https:\\\/\\\/lahuichola.com\\\/es\\\/#organization\"},\"potentialAction\":[{\"@type\":\"SearchAction\",\"target\":{\"@type\":\"EntryPoint\",\"urlTemplate\":\"https:\\\/\\\/lahuichola.com\\\/es\\\/?s={search_term_string}\"},\"query-input\":{\"@type\":\"PropertyValueSpecification\",\"valueRequired\":true,\"valueName\":\"search_term_string\"}}],\"inLanguage\":\"en-US\"},{\"@type\":\"Organization\",\"@id\":\"https:\\\/\\\/lahuichola.com\\\/es\\\/#organization\",\"name\":\"La Huichola\",\"url\":\"https:\\\/\\\/lahuichola.com\\\/es\\\/\",\"logo\":{\"@type\":\"ImageObject\",\"inLanguage\":\"en-US\",\"@id\":\"https:\\\/\\\/lahuichola.com\\\/es\\\/#\\\/schema\\\/logo\\\/image\\\/\",\"url\":\"https:\\\/\\\/lahuichola.com\\\/wp-content\\\/uploads\\\/2022\\\/03\\\/Sans-titre-2.jpg\",\"contentUrl\":\"https:\\\/\\\/lahuichola.com\\\/wp-content\\\/uploads\\\/2022\\\/03\\\/Sans-titre-2.jpg\",\"width\":2000,\"height\":1600,\"caption\":\"La Huichola\"},\"image\":{\"@id\":\"https:\\\/\\\/lahuichola.com\\\/es\\\/#\\\/schema\\\/logo\\\/image\\\/\"}}]}<\/script>\n<!-- \/ Yoast SEO plugin. -->","yoast_head_json":{"title":"Carton de 24 bouteilles - La Huichola","description":"Formule pour faire l\u2019ap\u00e9ro entre amis, pour 12 personnes. Elle contient un carton de 24 bouteilles de bi\u00e8re artisanale.","robots":{"index":"index","follow":"follow","max-snippet":"max-snippet:-1","max-image-preview":"max-image-preview:large","max-video-preview":"max-video-preview:-1"},"canonical":"https:\/\/lahuichola.com\/product\/carton-de-24-bouteilles\/","og_locale":"en_US","og_type":"article","og_title":"Carton de 24 bouteilles - La Huichola","og_description":"Formule pour faire l\u2019ap\u00e9ro entre amis, pour 12 personnes. Elle contient un carton de 24 bouteilles de bi\u00e8re artisanale.","og_url":"https:\/\/lahuichola.com\/product\/carton-de-24-bouteilles\/","og_site_name":"La Huichola","article_modified_time":"2022-11-21T15:05:21+00:00","og_image":[{"width":1920,"height":2560,"url":"https:\/\/lahuichola.com\/wp-content\/uploads\/2022\/03\/745E12E6-33B1-4028-9104-21B4006B9A58-scaled.jpeg","type":"image\/jpeg"}],"twitter_card":"summary_large_image","twitter_misc":{"Est. reading time":"1 minute"},"schema":{"@context":"https:\/\/schema.org","@graph":[{"@type":"WebPage","@id":"https:\/\/lahuichola.com\/product\/carton-de-24-bouteilles\/","url":"https:\/\/lahuichola.com\/product\/carton-de-24-bouteilles\/","name":"Carton de 24 bouteilles - La Huichola","isPartOf":{"@id":"https:\/\/lahuichola.com\/es\/#website"},"primaryImageOfPage":{"@id":"https:\/\/lahuichola.com\/product\/carton-de-24-bouteilles\/#primaryimage"},"image":{"@id":"https:\/\/lahuichola.com\/product\/carton-de-24-bouteilles\/#primaryimage"},"thumbnailUrl":"https:\/\/lahuichola.com\/wp-content\/uploads\/2022\/03\/745E12E6-33B1-4028-9104-21B4006B9A58-scaled.jpeg","datePublished":"2022-11-21T15:03:19+00:00","dateModified":"2022-11-21T15:05:21+00:00","description":"Formule pour faire l\u2019ap\u00e9ro entre amis, pour 12 personnes. Elle contient un carton de 24 bouteilles de bi\u00e8re artisanale.","breadcrumb":{"@id":"https:\/\/lahuichola.com\/product\/carton-de-24-bouteilles\/#breadcrumb"},"inLanguage":"en-US","potentialAction":[{"@type":"ReadAction","target":["https:\/\/lahuichola.com\/product\/carton-de-24-bouteilles\/"]}]},{"@type":"ImageObject","inLanguage":"en-US","@id":"https:\/\/lahuichola.com\/product\/carton-de-24-bouteilles\/#primaryimage","url":"https:\/\/lahuichola.com\/wp-content\/uploads\/2022\/03\/745E12E6-33B1-4028-9104-21B4006B9A58-scaled.jpeg","contentUrl":"https:\/\/lahuichola.com\/wp-content\/uploads\/2022\/03\/745E12E6-33B1-4028-9104-21B4006B9A58-scaled.jpeg","width":1920,"height":2560},{"@type":"BreadcrumbList","@id":"https:\/\/lahuichola.com\/product\/carton-de-24-bouteilles\/#breadcrumb","itemListElement":[{"@type":"ListItem","position":1,"name":"Accueil","item":"https:\/\/lahuichola.com\/"},{"@type":"ListItem","position":2,"name":"La Bi\u00e8re","item":"https:\/\/lahuichola.com\/?page_id=5"},{"@type":"ListItem","position":3,"name":"Carton de 24 bouteilles"}]},{"@type":"WebSite","@id":"https:\/\/lahuichola.com\/es\/#website","url":"https:\/\/lahuichola.com\/es\/","name":"La Huichola","description":"Le plaisir du typique!","publisher":{"@id":"https:\/\/lahuichola.com\/es\/#organization"},"potentialAction":[{"@type":"SearchAction","target":{"@type":"EntryPoint","urlTemplate":"https:\/\/lahuichola.com\/es\/?s={search_term_string}"},"query-input":{"@type":"PropertyValueSpecification","valueRequired":true,"valueName":"search_term_string"}}],"inLanguage":"en-US"},{"@type":"Organization","@id":"https:\/\/lahuichola.com\/es\/#organization","name":"La Huichola","url":"https:\/\/lahuichola.com\/es\/","logo":{"@type":"ImageObject","inLanguage":"en-US","@id":"https:\/\/lahuichola.com\/es\/#\/schema\/logo\/image\/","url":"https:\/\/lahuichola.com\/wp-content\/uploads\/2022\/03\/Sans-titre-2.jpg","contentUrl":"https:\/\/lahuichola.com\/wp-content\/uploads\/2022\/03\/Sans-titre-2.jpg","width":2000,"height":1600,"caption":"La Huichola"},"image":{"@id":"https:\/\/lahuichola.com\/es\/#\/schema\/logo\/image\/"}}]}},"lang":"fr","translations":{"fr":1935},"jetpack_sharing_enabled":true,"pll_sync_post":[],"_links":{"self":[{"href":"https:\/\/lahuichola.com\/index.php?rest_route=\/wp\/v2\/product\/1935","targetHints":{"allow":["GET"]}}],"collection":[{"href":"https:\/\/lahuichola.com\/index.php?rest_route=\/wp\/v2\/product"}],"about":[{"href":"https:\/\/lahuichola.com\/index.php?rest_route=\/wp\/v2\/types\/product"}],"wp:featuredmedia":[{"embeddable":true,"href":"https:\/\/lahuichola.com\/index.php?rest_route=\/wp\/v2\/media\/1478"}],"wp:attachment":[{"href":"https:\/\/lahuichola.com\/index.php?rest_route=%2Fwp%2Fv2%2Fmedia&parent=1935"}],"wp:term":[{"taxonomy":"product_brand","embeddable":true,"href":"https:\/\/lahuichola.com\/index.php?rest_route=%2Fwp%2Fv2%2Fproduct_brand&post=1935"},{"taxonomy":"product_cat","embeddable":true,"href":"https:\/\/lahuichola.com\/index.php?rest_route=%2Fwp%2Fv2%2Fproduct_cat&post=1935"},{"taxonomy":"product_tag","embeddable":true,"href":"https:\/\/lahuichola.com\/index.php?rest_route=%2Fwp%2Fv2%2Fproduct_tag&post=1935"}],"curies":[{"name":"wp","href":"https:\/\/api.w.org\/{rel}","templated":true}]}}