{"id":169,"date":"2014-08-10T10:06:55","date_gmt":"2014-08-10T10:06:55","guid":{"rendered":"http:\/\/uxthemes.wpengine.com\/?post_type=product&#038;p=395"},"modified":"2022-11-21T17:36:40","modified_gmt":"2022-11-21T16:36:40","slug":"biere-artisanale-la-huichola-livraison-offert","status":"publish","type":"product","link":"https:\/\/lahuichola.com\/?product=biere-artisanale-la-huichola-livraison-offert","title":{"rendered":"Je commande mon coffret"},"content":{"rendered":"<p style=\"text-align: center;\">Promo livraison des coffrets offert<br \/>\nNotre coffret de 5 bi\u00e8res et 10 bi\u00e8res sont une id\u00e9e g\u00e9niale pour faire un cadeau.<\/p>\n<p style=\"text-align: center;\"><span id=\"p67\">Double\u00a0<span id=\"72\">IPA<\/span>\u00a0artisanale \u00e9labor\u00e9e en France \u00e0 base de distill\u00e2t d\u2019agave\u00a0<span id=\"73\">100%<\/span>\u00a0mexicain.Eco responsable<\/span><span id=\"p68\">\u00a0avec un emballage fait en aluminium recycl\u00e9, l\u00e9ger et hyper r\u00e9sistant.<\/span><span id=\"p75\">\u00a0Ses couleurs UV font d&#8217;elle une\u00a0bouteille\u00a0<span id=\"76\" class=\"s-rg-t\">aux caract\u00e9ristique<\/span>\u00a0audacieuse qui se voit le jour comme la nuit.\u00a0<\/span><span id=\"p71\">Elle contient 8,5\u00b0 d\u2019alcool.<\/span><\/p>\n<p style=\"text-align: center;\"><span id=\"p80\">Le distill\u00e2t d\u2019agave que nous utilisons, elle contient 40\u00b0 d\u2019alcool.<\/span><span id=\"p90\">\u00a0Elle provient d\u2019une plante nomm\u00e9e l\u2019agave\u00a0<span id=\"p92\">(de la m\u00eame famille des plantes que la tequila, mais avec un go\u00fbt fum\u00e9)<\/span>.<\/span><span id=\"p82\">\u00a0Elle est produite d\u2019une fa\u00e7on traditionnelle et ancestrale au Mexique.<\/span><span id=\"p83\">\u00a0Elle a\u00a0<span id=\"88\">une DOP<\/span>\u00a0<span id=\"p78\">(<span id=\"84\">D\u00e9nomination<\/span>\u00a0d\u2019Origine Prot\u00e9g\u00e9)<\/span>.<\/span><\/p>\n","protected":false},"excerpt":{"rendered":"<p>Vous avez plusieurs options de pouvoir la <strong>d\u00e9guster<\/strong> et de se faire <strong>livrer<\/strong> chez vous.<\/p>\n<p>Il y a par unit\u00e9, en pack de 5, en pack de 10 ou par carton de 24 bouteilles.<\/p>\n<p>Nous avons une solution compl\u00e8te<strong>Pour vos f\u00eates<\/strong> et pour accompagner vos <strong>ap\u00e9ros<\/strong>\u2026 \u00a0\u00ab la totale \u00bb entre amis ou \u00e0 deux vous aurez la possibilit\u00e9 de se r\u00e9galer.<\/p>\n<p><span id=\"p67\">Artisanale, franco-mexicaine,\u00a0<\/span><span id=\"p68\">Eco responsable, solidaire, culott\u00e9, l\u00e9g\u00e8re, g\u00e9niale!<\/span><\/p>\n","protected":false},"featured_media":1484,"template":"","meta":[],"product_brand":[],"product_cat":[39],"product_tag":[],"class_list":{"0":"post-169","1":"product","2":"type-product","3":"status-publish","4":"has-post-thumbnail","6":"product_cat-la-biere","8":"first","9":"instock","10":"taxable","11":"shipping-taxable","12":"purchasable","13":"product-type-variable"},"yoast_head":"<!-- This site is optimized with the Yoast SEO plugin v27.5 - https:\/\/yoast.com\/product\/yoast-seo-wordpress\/ -->\n<title>Je commande mon coffret - La Huichola<\/title>\n<meta name=\"description\" content=\"Unique au march\u00e9. Double IPA artisanale cr\u00e9\u00e9e \u00e0 Marseille \u00e0 base de distill\u00e2t d\u2019agave 100% mexicain. Eco responsable, solidaire, g\u00e9niale.\" \/>\n<meta name=\"robots\" content=\"index, follow, max-snippet:-1, max-image-preview:large, max-video-preview:-1\" \/>\n<link rel=\"canonical\" href=\"https:\/\/lahuichola.com\/product\/biere-artisanale-la-huichola-livraison-offert\/\" \/>\n<meta property=\"og:locale\" content=\"en_US\" \/>\n<meta property=\"og:type\" content=\"article\" \/>\n<meta property=\"og:title\" content=\"Je commande mon coffret de bi\u00e8res artisanales livraison offert\" \/>\n<meta property=\"og:description\" content=\"Unique au march\u00e9. Double IPA artisanale cr\u00e9\u00e9e \u00e0 Marseille \u00e0 base de distill\u00e2t d\u2019agave 100% mexicain. Eco responsable, solidaire, g\u00e9niale.\" \/>\n<meta property=\"og:url\" content=\"https:\/\/lahuichola.com\/product\/biere-artisanale-la-huichola-livraison-offert\/\" \/>\n<meta property=\"og:site_name\" content=\"La Huichola\" \/>\n<meta property=\"article:modified_time\" content=\"2022-11-21T16:36:40+00:00\" \/>\n<meta property=\"og:image\" content=\"https:\/\/lahuichola.com\/wp-content\/uploads\/2014\/08\/EACE5C02-E418-4CC9-BE1D-B4E67C2157BA-1145x800.png\" \/>\n\t<meta property=\"og:image:width\" content=\"1145\" \/>\n\t<meta property=\"og:image:height\" content=\"800\" \/>\n\t<meta property=\"og:image:type\" content=\"image\/png\" \/>\n<meta name=\"twitter:card\" content=\"summary_large_image\" \/>\n<meta name=\"twitter:label1\" content=\"Est. reading time\" \/>\n\t<meta name=\"twitter:data1\" content=\"1 minute\" \/>\n<script type=\"application\/ld+json\" class=\"yoast-schema-graph\">{\"@context\":\"https:\\\/\\\/schema.org\",\"@graph\":[{\"@type\":\"WebPage\",\"@id\":\"https:\\\/\\\/lahuichola.com\\\/product\\\/biere-artisanale-la-huichola-livraison-offert\\\/\",\"url\":\"https:\\\/\\\/lahuichola.com\\\/product\\\/biere-artisanale-la-huichola-livraison-offert\\\/\",\"name\":\"Je commande mon coffret - La Huichola\",\"isPartOf\":{\"@id\":\"https:\\\/\\\/lahuichola.com\\\/es\\\/#website\"},\"primaryImageOfPage\":{\"@id\":\"https:\\\/\\\/lahuichola.com\\\/product\\\/biere-artisanale-la-huichola-livraison-offert\\\/#primaryimage\"},\"image\":{\"@id\":\"https:\\\/\\\/lahuichola.com\\\/product\\\/biere-artisanale-la-huichola-livraison-offert\\\/#primaryimage\"},\"thumbnailUrl\":\"https:\\\/\\\/lahuichola.com\\\/wp-content\\\/uploads\\\/2014\\\/08\\\/0E74F6C1-6835-4011-9B83-21FD7160AC42-scaled.jpeg\",\"datePublished\":\"2014-08-10T10:06:55+00:00\",\"dateModified\":\"2022-11-21T16:36:40+00:00\",\"description\":\"Unique au march\u00e9. Double IPA artisanale cr\u00e9\u00e9e \u00e0 Marseille \u00e0 base de distill\u00e2t d\u2019agave 100% mexicain. Eco responsable, solidaire, g\u00e9niale.\",\"breadcrumb\":{\"@id\":\"https:\\\/\\\/lahuichola.com\\\/product\\\/biere-artisanale-la-huichola-livraison-offert\\\/#breadcrumb\"},\"inLanguage\":\"en-US\",\"potentialAction\":[{\"@type\":\"ReadAction\",\"target\":[\"https:\\\/\\\/lahuichola.com\\\/product\\\/biere-artisanale-la-huichola-livraison-offert\\\/\"]}]},{\"@type\":\"ImageObject\",\"inLanguage\":\"en-US\",\"@id\":\"https:\\\/\\\/lahuichola.com\\\/product\\\/biere-artisanale-la-huichola-livraison-offert\\\/#primaryimage\",\"url\":\"https:\\\/\\\/lahuichola.com\\\/wp-content\\\/uploads\\\/2014\\\/08\\\/0E74F6C1-6835-4011-9B83-21FD7160AC42-scaled.jpeg\",\"contentUrl\":\"https:\\\/\\\/lahuichola.com\\\/wp-content\\\/uploads\\\/2014\\\/08\\\/0E74F6C1-6835-4011-9B83-21FD7160AC42-scaled.jpeg\",\"width\":2442,\"height\":2560},{\"@type\":\"BreadcrumbList\",\"@id\":\"https:\\\/\\\/lahuichola.com\\\/product\\\/biere-artisanale-la-huichola-livraison-offert\\\/#breadcrumb\",\"itemListElement\":[{\"@type\":\"ListItem\",\"position\":1,\"name\":\"Accueil\",\"item\":\"https:\\\/\\\/lahuichola.com\\\/\"},{\"@type\":\"ListItem\",\"position\":2,\"name\":\"La Bi\u00e8re\",\"item\":\"https:\\\/\\\/lahuichola.com\\\/?page_id=5\"},{\"@type\":\"ListItem\",\"position\":3,\"name\":\"Je commande mon coffret\"}]},{\"@type\":\"WebSite\",\"@id\":\"https:\\\/\\\/lahuichola.com\\\/es\\\/#website\",\"url\":\"https:\\\/\\\/lahuichola.com\\\/es\\\/\",\"name\":\"La Huichola\",\"description\":\"Le plaisir du typique!\",\"publisher\":{\"@id\":\"https:\\\/\\\/lahuichola.com\\\/es\\\/#organization\"},\"potentialAction\":[{\"@type\":\"SearchAction\",\"target\":{\"@type\":\"EntryPoint\",\"urlTemplate\":\"https:\\\/\\\/lahuichola.com\\\/es\\\/?s={search_term_string}\"},\"query-input\":{\"@type\":\"PropertyValueSpecification\",\"valueRequired\":true,\"valueName\":\"search_term_string\"}}],\"inLanguage\":\"en-US\"},{\"@type\":\"Organization\",\"@id\":\"https:\\\/\\\/lahuichola.com\\\/es\\\/#organization\",\"name\":\"La Huichola\",\"url\":\"https:\\\/\\\/lahuichola.com\\\/es\\\/\",\"logo\":{\"@type\":\"ImageObject\",\"inLanguage\":\"en-US\",\"@id\":\"https:\\\/\\\/lahuichola.com\\\/es\\\/#\\\/schema\\\/logo\\\/image\\\/\",\"url\":\"https:\\\/\\\/lahuichola.com\\\/wp-content\\\/uploads\\\/2022\\\/03\\\/Sans-titre-2.jpg\",\"contentUrl\":\"https:\\\/\\\/lahuichola.com\\\/wp-content\\\/uploads\\\/2022\\\/03\\\/Sans-titre-2.jpg\",\"width\":2000,\"height\":1600,\"caption\":\"La Huichola\"},\"image\":{\"@id\":\"https:\\\/\\\/lahuichola.com\\\/es\\\/#\\\/schema\\\/logo\\\/image\\\/\"}}]}<\/script>\n<!-- \/ Yoast SEO plugin. -->","yoast_head_json":{"title":"Je commande mon coffret - La Huichola","description":"Unique au march\u00e9. Double IPA artisanale cr\u00e9\u00e9e \u00e0 Marseille \u00e0 base de distill\u00e2t d\u2019agave 100% mexicain. Eco responsable, solidaire, g\u00e9niale.","robots":{"index":"index","follow":"follow","max-snippet":"max-snippet:-1","max-image-preview":"max-image-preview:large","max-video-preview":"max-video-preview:-1"},"canonical":"https:\/\/lahuichola.com\/product\/biere-artisanale-la-huichola-livraison-offert\/","og_locale":"en_US","og_type":"article","og_title":"Je commande mon coffret de bi\u00e8res artisanales livraison offert","og_description":"Unique au march\u00e9. Double IPA artisanale cr\u00e9\u00e9e \u00e0 Marseille \u00e0 base de distill\u00e2t d\u2019agave 100% mexicain. Eco responsable, solidaire, g\u00e9niale.","og_url":"https:\/\/lahuichola.com\/product\/biere-artisanale-la-huichola-livraison-offert\/","og_site_name":"La Huichola","article_modified_time":"2022-11-21T16:36:40+00:00","og_image":[{"width":1145,"height":800,"url":"https:\/\/lahuichola.com\/wp-content\/uploads\/2014\/08\/EACE5C02-E418-4CC9-BE1D-B4E67C2157BA-1145x800.png","type":"image\/png"}],"twitter_card":"summary_large_image","twitter_misc":{"Est. reading time":"1 minute"},"schema":{"@context":"https:\/\/schema.org","@graph":[{"@type":"WebPage","@id":"https:\/\/lahuichola.com\/product\/biere-artisanale-la-huichola-livraison-offert\/","url":"https:\/\/lahuichola.com\/product\/biere-artisanale-la-huichola-livraison-offert\/","name":"Je commande mon coffret - La Huichola","isPartOf":{"@id":"https:\/\/lahuichola.com\/es\/#website"},"primaryImageOfPage":{"@id":"https:\/\/lahuichola.com\/product\/biere-artisanale-la-huichola-livraison-offert\/#primaryimage"},"image":{"@id":"https:\/\/lahuichola.com\/product\/biere-artisanale-la-huichola-livraison-offert\/#primaryimage"},"thumbnailUrl":"https:\/\/lahuichola.com\/wp-content\/uploads\/2014\/08\/0E74F6C1-6835-4011-9B83-21FD7160AC42-scaled.jpeg","datePublished":"2014-08-10T10:06:55+00:00","dateModified":"2022-11-21T16:36:40+00:00","description":"Unique au march\u00e9. Double IPA artisanale cr\u00e9\u00e9e \u00e0 Marseille \u00e0 base de distill\u00e2t d\u2019agave 100% mexicain. Eco responsable, solidaire, g\u00e9niale.","breadcrumb":{"@id":"https:\/\/lahuichola.com\/product\/biere-artisanale-la-huichola-livraison-offert\/#breadcrumb"},"inLanguage":"en-US","potentialAction":[{"@type":"ReadAction","target":["https:\/\/lahuichola.com\/product\/biere-artisanale-la-huichola-livraison-offert\/"]}]},{"@type":"ImageObject","inLanguage":"en-US","@id":"https:\/\/lahuichola.com\/product\/biere-artisanale-la-huichola-livraison-offert\/#primaryimage","url":"https:\/\/lahuichola.com\/wp-content\/uploads\/2014\/08\/0E74F6C1-6835-4011-9B83-21FD7160AC42-scaled.jpeg","contentUrl":"https:\/\/lahuichola.com\/wp-content\/uploads\/2014\/08\/0E74F6C1-6835-4011-9B83-21FD7160AC42-scaled.jpeg","width":2442,"height":2560},{"@type":"BreadcrumbList","@id":"https:\/\/lahuichola.com\/product\/biere-artisanale-la-huichola-livraison-offert\/#breadcrumb","itemListElement":[{"@type":"ListItem","position":1,"name":"Accueil","item":"https:\/\/lahuichola.com\/"},{"@type":"ListItem","position":2,"name":"La Bi\u00e8re","item":"https:\/\/lahuichola.com\/?page_id=5"},{"@type":"ListItem","position":3,"name":"Je commande mon coffret"}]},{"@type":"WebSite","@id":"https:\/\/lahuichola.com\/es\/#website","url":"https:\/\/lahuichola.com\/es\/","name":"La Huichola","description":"Le plaisir du typique!","publisher":{"@id":"https:\/\/lahuichola.com\/es\/#organization"},"potentialAction":[{"@type":"SearchAction","target":{"@type":"EntryPoint","urlTemplate":"https:\/\/lahuichola.com\/es\/?s={search_term_string}"},"query-input":{"@type":"PropertyValueSpecification","valueRequired":true,"valueName":"search_term_string"}}],"inLanguage":"en-US"},{"@type":"Organization","@id":"https:\/\/lahuichola.com\/es\/#organization","name":"La Huichola","url":"https:\/\/lahuichola.com\/es\/","logo":{"@type":"ImageObject","inLanguage":"en-US","@id":"https:\/\/lahuichola.com\/es\/#\/schema\/logo\/image\/","url":"https:\/\/lahuichola.com\/wp-content\/uploads\/2022\/03\/Sans-titre-2.jpg","contentUrl":"https:\/\/lahuichola.com\/wp-content\/uploads\/2022\/03\/Sans-titre-2.jpg","width":2000,"height":1600,"caption":"La Huichola"},"image":{"@id":"https:\/\/lahuichola.com\/es\/#\/schema\/logo\/image\/"}}]}},"lang":"fr","translations":{"es":885,"fr":169,"en":886},"jetpack_sharing_enabled":true,"pll_sync_post":[],"_links":{"self":[{"href":"https:\/\/lahuichola.com\/index.php?rest_route=\/wp\/v2\/product\/169","targetHints":{"allow":["GET"]}}],"collection":[{"href":"https:\/\/lahuichola.com\/index.php?rest_route=\/wp\/v2\/product"}],"about":[{"href":"https:\/\/lahuichola.com\/index.php?rest_route=\/wp\/v2\/types\/product"}],"wp:featuredmedia":[{"embeddable":true,"href":"https:\/\/lahuichola.com\/index.php?rest_route=\/wp\/v2\/media\/1484"}],"wp:attachment":[{"href":"https:\/\/lahuichola.com\/index.php?rest_route=%2Fwp%2Fv2%2Fmedia&parent=169"}],"wp:term":[{"taxonomy":"product_brand","embeddable":true,"href":"https:\/\/lahuichola.com\/index.php?rest_route=%2Fwp%2Fv2%2Fproduct_brand&post=169"},{"taxonomy":"product_cat","embeddable":true,"href":"https:\/\/lahuichola.com\/index.php?rest_route=%2Fwp%2Fv2%2Fproduct_cat&post=169"},{"taxonomy":"product_tag","embeddable":true,"href":"https:\/\/lahuichola.com\/index.php?rest_route=%2Fwp%2Fv2%2Fproduct_tag&post=169"}],"curies":[{"name":"wp","href":"https:\/\/api.w.org\/{rel}","templated":true}]}}