{"id":1056,"date":"2021-12-25T12:38:32","date_gmt":"2021-12-25T11:38:32","guid":{"rendered":"https:\/\/lahuichola.com\/?post_type=product&#038;p=1056"},"modified":"2022-11-21T16:13:15","modified_gmt":"2022-11-21T15:13:15","slug":"5-bieres-artisanales-frais-livraison-offerts","status":"publish","type":"product","link":"https:\/\/lahuichola.com\/?product=5-bieres-artisanales-frais-livraison-offerts","title":{"rendered":"Pack de 5"},"content":{"rendered":"<p>Pratique le pack de 5 bi\u00e8res artisanales La huichola c\u2019est un cadeau authentique pour vos ap\u00e9ros frais de transport inclus dans toute la France.<\/p>\n","protected":false},"excerpt":{"rendered":"<p>Pack de 5 bi\u00e8res artisanales La huichola, double IPA 8,5\u00b0 \u00e0 base de distill\u00e2t d\u2019agave mexicain.<\/p>\n","protected":false},"featured_media":1470,"template":"","meta":[],"product_brand":[],"product_cat":[15],"product_tag":[],"class_list":{"0":"post-1056","1":"product","2":"type-product","3":"status-publish","4":"has-post-thumbnail","6":"product_cat-uncategorized","8":"first","9":"instock","10":"taxable","11":"shipping-taxable","12":"purchasable","13":"product-type-simple"},"yoast_head":"<!-- This site is optimized with the Yoast SEO plugin v27.5 - https:\/\/yoast.com\/product\/yoast-seo-wordpress\/ -->\n<title>Pack de 5 - La Huichola<\/title>\n<meta name=\"description\" content=\"Pack de 5 bi\u00e8res artisanales double IPA \u00e0 base de distill\u00e2t d\u2019agave mexicain parfait pour vos cadeaux et les ap\u00e9ros frais de livraison offerts\" \/>\n<meta name=\"robots\" content=\"index, follow, max-snippet:-1, max-image-preview:large, max-video-preview:-1\" \/>\n<link rel=\"canonical\" href=\"https:\/\/lahuichola.com\/product\/5-bieres-artisanales-frais-livraison-offerts\/\" \/>\n<meta property=\"og:locale\" content=\"en_US\" \/>\n<meta property=\"og:type\" content=\"article\" \/>\n<meta property=\"og:title\" content=\"Pack de 5 - La Huichola\" \/>\n<meta property=\"og:description\" content=\"Pack de 5 bi\u00e8res artisanales double IPA \u00e0 base de distill\u00e2t d\u2019agave mexicain parfait pour vos cadeaux et les ap\u00e9ros frais de livraison offerts\" \/>\n<meta property=\"og:url\" content=\"https:\/\/lahuichola.com\/product\/5-bieres-artisanales-frais-livraison-offerts\/\" \/>\n<meta property=\"og:site_name\" content=\"La Huichola\" \/>\n<meta property=\"article:modified_time\" content=\"2022-11-21T15:13:15+00:00\" \/>\n<meta property=\"og:image\" content=\"https:\/\/lahuichola.com\/wp-content\/uploads\/2021\/12\/B82C4517-3D97-4044-9E4F-B4AEB512C6A3-scaled.jpeg\" \/>\n\t<meta property=\"og:image:width\" content=\"2560\" \/>\n\t<meta property=\"og:image:height\" content=\"1780\" \/>\n\t<meta property=\"og:image:type\" content=\"image\/jpeg\" \/>\n<meta name=\"twitter:card\" content=\"summary_large_image\" \/>\n<meta name=\"twitter:label1\" content=\"Est. reading time\" \/>\n\t<meta name=\"twitter:data1\" content=\"1 minute\" \/>\n<script type=\"application\/ld+json\" class=\"yoast-schema-graph\">{\"@context\":\"https:\\\/\\\/schema.org\",\"@graph\":[{\"@type\":\"WebPage\",\"@id\":\"https:\\\/\\\/lahuichola.com\\\/product\\\/5-bieres-artisanales-frais-livraison-offerts\\\/\",\"url\":\"https:\\\/\\\/lahuichola.com\\\/product\\\/5-bieres-artisanales-frais-livraison-offerts\\\/\",\"name\":\"Pack de 5 - La Huichola\",\"isPartOf\":{\"@id\":\"https:\\\/\\\/lahuichola.com\\\/es\\\/#website\"},\"primaryImageOfPage\":{\"@id\":\"https:\\\/\\\/lahuichola.com\\\/product\\\/5-bieres-artisanales-frais-livraison-offerts\\\/#primaryimage\"},\"image\":{\"@id\":\"https:\\\/\\\/lahuichola.com\\\/product\\\/5-bieres-artisanales-frais-livraison-offerts\\\/#primaryimage\"},\"thumbnailUrl\":\"https:\\\/\\\/lahuichola.com\\\/wp-content\\\/uploads\\\/2021\\\/12\\\/B82C4517-3D97-4044-9E4F-B4AEB512C6A3-scaled.jpeg\",\"datePublished\":\"2021-12-25T11:38:32+00:00\",\"dateModified\":\"2022-11-21T15:13:15+00:00\",\"description\":\"Pack de 5 bi\u00e8res artisanales double IPA \u00e0 base de distill\u00e2t d\u2019agave mexicain parfait pour vos cadeaux et les ap\u00e9ros frais de livraison offerts\",\"breadcrumb\":{\"@id\":\"https:\\\/\\\/lahuichola.com\\\/product\\\/5-bieres-artisanales-frais-livraison-offerts\\\/#breadcrumb\"},\"inLanguage\":\"en-US\",\"potentialAction\":[{\"@type\":\"ReadAction\",\"target\":[\"https:\\\/\\\/lahuichola.com\\\/product\\\/5-bieres-artisanales-frais-livraison-offerts\\\/\"]}]},{\"@type\":\"ImageObject\",\"inLanguage\":\"en-US\",\"@id\":\"https:\\\/\\\/lahuichola.com\\\/product\\\/5-bieres-artisanales-frais-livraison-offerts\\\/#primaryimage\",\"url\":\"https:\\\/\\\/lahuichola.com\\\/wp-content\\\/uploads\\\/2021\\\/12\\\/B82C4517-3D97-4044-9E4F-B4AEB512C6A3-scaled.jpeg\",\"contentUrl\":\"https:\\\/\\\/lahuichola.com\\\/wp-content\\\/uploads\\\/2021\\\/12\\\/B82C4517-3D97-4044-9E4F-B4AEB512C6A3-scaled.jpeg\",\"width\":2560,\"height\":1780},{\"@type\":\"BreadcrumbList\",\"@id\":\"https:\\\/\\\/lahuichola.com\\\/product\\\/5-bieres-artisanales-frais-livraison-offerts\\\/#breadcrumb\",\"itemListElement\":[{\"@type\":\"ListItem\",\"position\":1,\"name\":\"Accueil\",\"item\":\"https:\\\/\\\/lahuichola.com\\\/\"},{\"@type\":\"ListItem\",\"position\":2,\"name\":\"La Bi\u00e8re\",\"item\":\"https:\\\/\\\/lahuichola.com\\\/?page_id=5\"},{\"@type\":\"ListItem\",\"position\":3,\"name\":\"Pack de 5\"}]},{\"@type\":\"WebSite\",\"@id\":\"https:\\\/\\\/lahuichola.com\\\/es\\\/#website\",\"url\":\"https:\\\/\\\/lahuichola.com\\\/es\\\/\",\"name\":\"La Huichola\",\"description\":\"Le plaisir du typique!\",\"publisher\":{\"@id\":\"https:\\\/\\\/lahuichola.com\\\/es\\\/#organization\"},\"potentialAction\":[{\"@type\":\"SearchAction\",\"target\":{\"@type\":\"EntryPoint\",\"urlTemplate\":\"https:\\\/\\\/lahuichola.com\\\/es\\\/?s={search_term_string}\"},\"query-input\":{\"@type\":\"PropertyValueSpecification\",\"valueRequired\":true,\"valueName\":\"search_term_string\"}}],\"inLanguage\":\"en-US\"},{\"@type\":\"Organization\",\"@id\":\"https:\\\/\\\/lahuichola.com\\\/es\\\/#organization\",\"name\":\"La Huichola\",\"url\":\"https:\\\/\\\/lahuichola.com\\\/es\\\/\",\"logo\":{\"@type\":\"ImageObject\",\"inLanguage\":\"en-US\",\"@id\":\"https:\\\/\\\/lahuichola.com\\\/es\\\/#\\\/schema\\\/logo\\\/image\\\/\",\"url\":\"https:\\\/\\\/lahuichola.com\\\/wp-content\\\/uploads\\\/2022\\\/03\\\/Sans-titre-2.jpg\",\"contentUrl\":\"https:\\\/\\\/lahuichola.com\\\/wp-content\\\/uploads\\\/2022\\\/03\\\/Sans-titre-2.jpg\",\"width\":2000,\"height\":1600,\"caption\":\"La Huichola\"},\"image\":{\"@id\":\"https:\\\/\\\/lahuichola.com\\\/es\\\/#\\\/schema\\\/logo\\\/image\\\/\"}}]}<\/script>\n<!-- \/ Yoast SEO plugin. -->","yoast_head_json":{"title":"Pack de 5 - La Huichola","description":"Pack de 5 bi\u00e8res artisanales double IPA \u00e0 base de distill\u00e2t d\u2019agave mexicain parfait pour vos cadeaux et les ap\u00e9ros frais de livraison offerts","robots":{"index":"index","follow":"follow","max-snippet":"max-snippet:-1","max-image-preview":"max-image-preview:large","max-video-preview":"max-video-preview:-1"},"canonical":"https:\/\/lahuichola.com\/product\/5-bieres-artisanales-frais-livraison-offerts\/","og_locale":"en_US","og_type":"article","og_title":"Pack de 5 - La Huichola","og_description":"Pack de 5 bi\u00e8res artisanales double IPA \u00e0 base de distill\u00e2t d\u2019agave mexicain parfait pour vos cadeaux et les ap\u00e9ros frais de livraison offerts","og_url":"https:\/\/lahuichola.com\/product\/5-bieres-artisanales-frais-livraison-offerts\/","og_site_name":"La Huichola","article_modified_time":"2022-11-21T15:13:15+00:00","og_image":[{"width":2560,"height":1780,"url":"https:\/\/lahuichola.com\/wp-content\/uploads\/2021\/12\/B82C4517-3D97-4044-9E4F-B4AEB512C6A3-scaled.jpeg","type":"image\/jpeg"}],"twitter_card":"summary_large_image","twitter_misc":{"Est. reading time":"1 minute"},"schema":{"@context":"https:\/\/schema.org","@graph":[{"@type":"WebPage","@id":"https:\/\/lahuichola.com\/product\/5-bieres-artisanales-frais-livraison-offerts\/","url":"https:\/\/lahuichola.com\/product\/5-bieres-artisanales-frais-livraison-offerts\/","name":"Pack de 5 - La Huichola","isPartOf":{"@id":"https:\/\/lahuichola.com\/es\/#website"},"primaryImageOfPage":{"@id":"https:\/\/lahuichola.com\/product\/5-bieres-artisanales-frais-livraison-offerts\/#primaryimage"},"image":{"@id":"https:\/\/lahuichola.com\/product\/5-bieres-artisanales-frais-livraison-offerts\/#primaryimage"},"thumbnailUrl":"https:\/\/lahuichola.com\/wp-content\/uploads\/2021\/12\/B82C4517-3D97-4044-9E4F-B4AEB512C6A3-scaled.jpeg","datePublished":"2021-12-25T11:38:32+00:00","dateModified":"2022-11-21T15:13:15+00:00","description":"Pack de 5 bi\u00e8res artisanales double IPA \u00e0 base de distill\u00e2t d\u2019agave mexicain parfait pour vos cadeaux et les ap\u00e9ros frais de livraison offerts","breadcrumb":{"@id":"https:\/\/lahuichola.com\/product\/5-bieres-artisanales-frais-livraison-offerts\/#breadcrumb"},"inLanguage":"en-US","potentialAction":[{"@type":"ReadAction","target":["https:\/\/lahuichola.com\/product\/5-bieres-artisanales-frais-livraison-offerts\/"]}]},{"@type":"ImageObject","inLanguage":"en-US","@id":"https:\/\/lahuichola.com\/product\/5-bieres-artisanales-frais-livraison-offerts\/#primaryimage","url":"https:\/\/lahuichola.com\/wp-content\/uploads\/2021\/12\/B82C4517-3D97-4044-9E4F-B4AEB512C6A3-scaled.jpeg","contentUrl":"https:\/\/lahuichola.com\/wp-content\/uploads\/2021\/12\/B82C4517-3D97-4044-9E4F-B4AEB512C6A3-scaled.jpeg","width":2560,"height":1780},{"@type":"BreadcrumbList","@id":"https:\/\/lahuichola.com\/product\/5-bieres-artisanales-frais-livraison-offerts\/#breadcrumb","itemListElement":[{"@type":"ListItem","position":1,"name":"Accueil","item":"https:\/\/lahuichola.com\/"},{"@type":"ListItem","position":2,"name":"La Bi\u00e8re","item":"https:\/\/lahuichola.com\/?page_id=5"},{"@type":"ListItem","position":3,"name":"Pack de 5"}]},{"@type":"WebSite","@id":"https:\/\/lahuichola.com\/es\/#website","url":"https:\/\/lahuichola.com\/es\/","name":"La Huichola","description":"Le plaisir du typique!","publisher":{"@id":"https:\/\/lahuichola.com\/es\/#organization"},"potentialAction":[{"@type":"SearchAction","target":{"@type":"EntryPoint","urlTemplate":"https:\/\/lahuichola.com\/es\/?s={search_term_string}"},"query-input":{"@type":"PropertyValueSpecification","valueRequired":true,"valueName":"search_term_string"}}],"inLanguage":"en-US"},{"@type":"Organization","@id":"https:\/\/lahuichola.com\/es\/#organization","name":"La Huichola","url":"https:\/\/lahuichola.com\/es\/","logo":{"@type":"ImageObject","inLanguage":"en-US","@id":"https:\/\/lahuichola.com\/es\/#\/schema\/logo\/image\/","url":"https:\/\/lahuichola.com\/wp-content\/uploads\/2022\/03\/Sans-titre-2.jpg","contentUrl":"https:\/\/lahuichola.com\/wp-content\/uploads\/2022\/03\/Sans-titre-2.jpg","width":2000,"height":1600,"caption":"La Huichola"},"image":{"@id":"https:\/\/lahuichola.com\/es\/#\/schema\/logo\/image\/"}}]}},"lang":"fr","translations":{"fr":1056},"jetpack_sharing_enabled":true,"pll_sync_post":[],"_links":{"self":[{"href":"https:\/\/lahuichola.com\/index.php?rest_route=\/wp\/v2\/product\/1056","targetHints":{"allow":["GET"]}}],"collection":[{"href":"https:\/\/lahuichola.com\/index.php?rest_route=\/wp\/v2\/product"}],"about":[{"href":"https:\/\/lahuichola.com\/index.php?rest_route=\/wp\/v2\/types\/product"}],"wp:featuredmedia":[{"embeddable":true,"href":"https:\/\/lahuichola.com\/index.php?rest_route=\/wp\/v2\/media\/1470"}],"wp:attachment":[{"href":"https:\/\/lahuichola.com\/index.php?rest_route=%2Fwp%2Fv2%2Fmedia&parent=1056"}],"wp:term":[{"taxonomy":"product_brand","embeddable":true,"href":"https:\/\/lahuichola.com\/index.php?rest_route=%2Fwp%2Fv2%2Fproduct_brand&post=1056"},{"taxonomy":"product_cat","embeddable":true,"href":"https:\/\/lahuichola.com\/index.php?rest_route=%2Fwp%2Fv2%2Fproduct_cat&post=1056"},{"taxonomy":"product_tag","embeddable":true,"href":"https:\/\/lahuichola.com\/index.php?rest_route=%2Fwp%2Fv2%2Fproduct_tag&post=1056"}],"curies":[{"name":"wp","href":"https:\/\/api.w.org\/{rel}","templated":true}]}}